{"id":115,"date":"2012-11-05T12:09:46","date_gmt":"2012-11-05T10:09:46","guid":{"rendered":"http:\/\/hgv-bordesholm.de.w01c4eb1.kasserver.com\/?page_id=115"},"modified":"2021-10-29T18:02:15","modified_gmt":"2021-10-29T16:02:15","slug":"wir-uber-uns","status":"publish","type":"page","link":"https:\/\/hgv-bordesholm.de\/index.php\/wir-uber-uns\/","title":{"rendered":"Wir \u00fcber uns"},"content":{"rendered":"<p>[et_pb_section fb_built=&#8220;1&#8243; _builder_version=&#8220;3.22&#8243; global_colors_info=&#8220;{}&#8220;][et_pb_row _builder_version=&#8220;3.25&#8243; background_size=&#8220;initial&#8220; background_position=&#8220;top_left&#8220; background_repeat=&#8220;repeat&#8220; global_colors_info=&#8220;{}&#8220;][et_pb_column type=&#8220;4_4&#8243; _builder_version=&#8220;3.25&#8243; custom_padding=&#8220;|||&#8220; global_colors_info=&#8220;{}&#8220; custom_padding__hover=&#8220;|||&#8220;][et_pb_text _builder_version=&#8220;3.27.4&#8243; z_index_tablet=&#8220;500&#8243; global_colors_info=&#8220;{}&#8220;]<\/p>\n<h2>Wir \u00fcber uns<\/h2>\n<p>Bereits 1921 wurde in Bordesholm die Ortshandwerkerschaft gegr\u00fcndet. Mitglieder waren die Handwerker in Bordesholm und Umgebung. Ab 1983 leitete Fritz H\u00fcbner die Ortshandwerkerschaft. Parallel hatte sich ein Verein der Handel- und Gewerbetereibenden gegr\u00fcndet. In diese Zeit fiel auch die von Fritz H\u00fcbner mit inszenierte Errichtung des Maibaumes auf dem Rathausplatz und die Handwerkerfeier am 1. Mai. <br \/>Im Jahr 1990 haben beide Vereine ihr gesamtes Verm\u00f6gen zusammen gelegt und den Handwerks- und Gewerbeverein f\u00fcr Bordesholm und Umgebung e.V. gegr\u00fcndet. Die beiden urspr\u00fcnglichen Vereine unterschieden sich lediglich dadurch, da\u00df die Mitglieder zum einen aus der Handwerkerschaft und zum anderen aus dem Handel und Gewerbe kamen. Beide Vereine wirken seit nunmehr fast 30 Jahren zusammen und f\u00f6rdern gemeinsam mit einem ehrenamtlichen Vorstand die allgemeinen wirtschaftlichen Belange ihrer Mitglieder in Bordesholm und Umgebung.<\/p>\n<p>[\/et_pb_text][\/et_pb_column][\/et_pb_row][\/et_pb_section]<\/p>\n","protected":false},"excerpt":{"rendered":"<p>Wir \u00fcber unsBereits 1921 wurde in Bordesholm die Ortshandwerkerschaft gegr\u00fcndet. Mitglieder waren die Handwerker in Bordesholm und Umgebung. Ab 1983 leitete Fritz H\u00fcbner die Ortshandwerkerschaft. Parallel hatte sich ein Verein der Handel- und Gewerbetereibenden gegr\u00fcndet. In diese Zeit fiel auch die von Fritz H\u00fcbner mit inszenierte Errichtung des Maibaumes auf dem Rathausplatz und die Handwerkerfeier [&hellip;]<\/p>\n","protected":false},"author":1,"featured_media":0,"parent":0,"menu_order":0,"comment_status":"open","ping_status":"open","template":"","meta":{"_et_pb_use_builder":"on","_et_pb_old_content":"<p>Bereits 1921 wurde in Bordesholm die Ortshandwerkerschaft gegr\u00fcndet.<br \/>Mitglieder waren die Handwerker in Bordesholm und Umgebung.<\/p><p>1983 wurde der Wirtschaftsverein f\u00fcr Bordesholm und Umgebung gegr\u00fcndet.<\/p><p>Im Jahr 1990 haben beide Vereine ihr gesamtes Verm\u00f6gen zusammen gelegt und den Handwerks- und Gewerbeverein f\u00fcr Bordesholm und Umgebung e.V. gegr\u00fcndet. Die beiden urspr\u00fcnglichen Vereine unterschieden sich lediglich dadurch, da\u00df die Mitglieder zum einen aus der Handwerkerschaft und zum anderen aus dem Handel und Gewerbe kamen. Beide Vereine wirken seit nunmehr 10 Jahren zusammen und f\u00f6rdern gemeinsam mit einem ehrenamtlichen Vorstand die allgemeinen wirtschaftlichen Belange ihrer Mitglieder in Bordesholm und Umgebung.<\/p><h2>Der Vorstand<\/h2><p><strong>1. Vorsitzender<\/strong><br \/>J\u00fcrgen Baasch \u00a0\u00a0 \u00a0Ostlandstr. 23A \u00a0\u00a0 \u00a0B\u00b4holm Telefon: 04322 - 888395<br \/><strong>2. Vorsitzender<\/strong><br \/>Andreas Kiel \u00a0\u00a0 \u00a0M\u00fchlenstr. 31 \u00a0\u00a0 \u00a0B\u00b4holm \u00a0\u00a0\u00a0 privat: 04322-7714<br \/>Firma: 04322-5835<br \/><strong>3. Vorsitzender<\/strong><br \/>Heiko Andreas \u00a0\u00a0 \u00a0Eckmannstr. 6 \u00a0\u00a0 \u00a0B\u00b4holm \u00a0\u00a0\u00a0 privat: 04322-3612<br \/>Firma: 04322-3774<br \/><strong>Kassenwart<br \/><\/strong>J\u00f6rn Arp \u00a0\u00a0 \u00a0Nienr\u00f6den 6 \u00a0\u00a0 \u00a0B\u00b4holm \u00a0\u00a0\u00a0 privat: 04322-3497<br \/>Firma: 04322-2319<br \/><strong>Schriftf\u00fchrer \u00a0\u00a0 \u00a0<\/strong><br \/>Andreas Schl\u00fcter\u00a0Bordesholmer Sparkasse AG Bahnhofstr. 43-47 B'holm<br \/>Telefon: 04322-694-200<br \/><strong>Beisitzer \u00a0\u00a0 \u00a0<\/strong><br \/>Andreas Bente \u00a0\u00a0 \u00a0Nettelbrook 4 \u00a0\u00a0 \u00a0B\u00b4holm \u00a0\u00a0\u00a0 privat: 04322-2840<br \/>Firma: 04322-3020<br \/><strong>Beisitzerin<br \/><\/strong>Christiane Ladwig \u00a0\u00a0\u00a0 Heintzestra\u00dfe 15\u00a0\u00a0 B\u00b4holm \u00a0\u00a0\u00a0 privat: 04322-692334<br \/>Firma: 04322-692334<br \/><strong>Beisitzer \u00a0\u00a0 \u00a0<\/strong><br \/>Dr. Burkhard Eisend\u00a0\u00a0 Seekoppel 6\u00a0 B'holm<br \/>Firma 04322 - 5886<br \/><strong>Beisitzerin<\/strong><br \/>Maike Brzakala\u00a0 Am Waldbach 4 B'holm privat: 01578- 41 38 299<br \/>Firma 04322 - 44 36 007<\/p><p>\u00a0<\/p>","_et_gb_content_width":"","footnotes":""},"class_list":["post-115","page","type-page","status-publish","hentry"],"_links":{"self":[{"href":"https:\/\/hgv-bordesholm.de\/index.php\/wp-json\/wp\/v2\/pages\/115","targetHints":{"allow":["GET"]}}],"collection":[{"href":"https:\/\/hgv-bordesholm.de\/index.php\/wp-json\/wp\/v2\/pages"}],"about":[{"href":"https:\/\/hgv-bordesholm.de\/index.php\/wp-json\/wp\/v2\/types\/page"}],"author":[{"embeddable":true,"href":"https:\/\/hgv-bordesholm.de\/index.php\/wp-json\/wp\/v2\/users\/1"}],"replies":[{"embeddable":true,"href":"https:\/\/hgv-bordesholm.de\/index.php\/wp-json\/wp\/v2\/comments?post=115"}],"version-history":[{"count":10,"href":"https:\/\/hgv-bordesholm.de\/index.php\/wp-json\/wp\/v2\/pages\/115\/revisions"}],"predecessor-version":[{"id":1685,"href":"https:\/\/hgv-bordesholm.de\/index.php\/wp-json\/wp\/v2\/pages\/115\/revisions\/1685"}],"wp:attachment":[{"href":"https:\/\/hgv-bordesholm.de\/index.php\/wp-json\/wp\/v2\/media?parent=115"}],"curies":[{"name":"wp","href":"https:\/\/api.w.org\/{rel}","templated":true}]}}