{"id":8,"date":"2012-11-01T22:03:04","date_gmt":"2012-11-01T20:03:04","guid":{"rendered":"http:\/\/www.gartenwelten-hammerich.de\/hgv\/?page_id=8"},"modified":"2026-02-18T22:28:19","modified_gmt":"2026-02-18T20:28:19","slug":"kontakt","status":"publish","type":"page","link":"https:\/\/hgv-bordesholm.de\/index.php\/kontakt\/","title":{"rendered":"Kontakt \/ Impressum"},"content":{"rendered":"<p>[et_pb_section fb_built=&#8220;1&#8243; _builder_version=&#8220;4.16&#8243; global_colors_info=&#8220;{}&#8220;][et_pb_row _builder_version=&#8220;4.16&#8243; background_size=&#8220;initial&#8220; background_position=&#8220;top_left&#8220; background_repeat=&#8220;repeat&#8220; global_colors_info=&#8220;{}&#8220;][et_pb_column type=&#8220;4_4&#8243; _builder_version=&#8220;4.16&#8243; custom_padding=&#8220;|||&#8220; global_colors_info=&#8220;{}&#8220; custom_padding__hover=&#8220;|||&#8220;][et_pb_text _builder_version=&#8220;4.27.4&#8243; background_size=&#8220;initial&#8220; background_position=&#8220;top_left&#8220; background_repeat=&#8220;repeat&#8220; hover_enabled=&#8220;0&#8243; global_colors_info=&#8220;{}&#8220; sticky_enabled=&#8220;0&#8243;]<\/p>\n<p>Handwerks- und Gewerbeverein<br \/>Bordesholm und Umgebung e.V.<\/p>\n<p>1. Vorsitzender:<br \/>nicht benannt<\/p>\n<p>2. Vorsitzender:<br \/>Andreas Kiel<br \/>M\u00fchlenstr. 31<br \/>24582 Bordesholm<br \/>Telefon: 04322-7714<br \/>Email: <a href=\"mailto:a.kiel@hinrich-kiel.de\" target=\"_blank\" rel=\"noopener\">Mail an den HGV<\/a><\/p>\n<p><strong>Grafik und Entwurf Bordesholmer Bummelbon<\/strong>:<br \/>goldbutt\u00aecommunication gmbh<br \/>Christiane Ladwig<br \/><a href=\"mailto:info@goldbutt.de\">info@goldbutt.de<\/a><\/p>\n<p><strong>Internetauftritt<\/strong>:<br \/>die netzstrategin<br \/>Maike Brzakala<a href=\"mailto:kontakt@die-netzstrategin.de\"><br \/>kontakt@die-netzstrategin.de<\/a><\/p>\n<p>Content-Aktuell<br \/>Libert\u00e9 B\u00fcssow<br \/><a href=\"mailto:liberte@ronald-buessow.de\" target=\"_blank\" rel=\"noopener noreferrer\">liberte@ronald-buessow.de<\/a><\/p>\n<p><strong>Statistik der Webseite durch Google Analytics<\/strong><\/p>\n<p>Diese Website benutzt Google Analytics, einen Webanalysedienst der Google Inc. (\u201cGoogle\u201d). Google Analytics verwendet sog. \u201cCookies\u201d, Textdateien, die auf Ihrem Computer gespeichert werden und die eine Analyse der Benutzung der Website durch Sie erm\u00f6glichen. Die durch den Cookie erzeugten Informationen \u00fcber Ihre Benutzung dieser Website werden in der Regel an einen Server von Google in den USA \u00fcbertragen und dort gespeichert. Im Falle der Aktivierung der IP-Anonymisierung auf dieser Webseite, wird Ihre IP-Adresse von Google jedoch innerhalb von Mitgliedstaaten der Europ\u00e4ischen Union oder in anderen Vertragsstaaten des Abkommens \u00fcber den Europ\u00e4ischen Wirtschaftsraum zuvor gek\u00fcrzt. Nur in Ausnahmef\u00e4llen wird die volle IP-Adresse an einen Server von Google in den USA \u00fcbertragen und dort gek\u00fcrzt. Im Auftrag des Betreibers dieser Website wird Google diese Informationen benutzen, um Ihre Nutzung der Website auszuwerten, um Reports \u00fcber die Websiteaktivit\u00e4ten zusammenzustellen und um weitere mit der Websitenutzung und der Internetnutzung verbundene Dienstleistungen gegen\u00fcber dem Websitebetreiber zu erbringen. Die im Rahmen von Google Analytics von Ihrem Browser \u00fcbermittelte IP-Adresse wird nicht mit anderen Daten von Google zusammengef\u00fchrt. Sie k\u00f6nnen die Speicherung der Cookies durch eine entsprechende Einstellung Ihrer Browser-Software verhindern; wir weisen Sie jedoch darauf hin, dass Sie in diesem Fall gegebenenfalls nicht s\u00e4mtliche Funktionen dieser Website vollumf\u00e4nglich werden nutzen k\u00f6nnen. Sie k\u00f6nnen dar\u00fcber hinaus die Erfassung der durch das Cookie erzeugten und auf Ihre Nutzung der Website bezogenen Daten (inkl. Ihrer IP-Adresse) an Google sowie die Verarbeitung dieser Daten durch Google verhindern, indem sie das unter dem folgenden Link verf\u00fcgbare Browser-Plugin herunterladen und installieren (Link an dieser Stelle einf\u00fcgen. Der aktuelle Link ist: <a title=\"http:\/\/tools.google.com\/dlpage\/gaoptout?hl=de\" href=\"http:\/\/tools.google.com\/dlpage\/gaoptout?hl=dehttp:\/\/\" target=\"_blank\" rel=\"noopener noreferrer\">http:\/\/tools.google.com\/dlpage\/gaoptout?hl=de<\/a>).<\/p>\n<p><strong>Angesichts der Diskussion um den Einsatz von Analysetools mit vollst\u00e4ndigen IP-Adressen m\u00f6chten wir darauf hinweisen, dass diese Website Google Analytics mit der Erweiterung \u201c_anonymizeIp()\u201d verwendet und daher IP-Adressen nur gek\u00fcrzt weiterverarbeitet werden, um eine direkte Personenbeziehbarkeit auszuschlie\u00dfen.<\/strong><\/p>\n<p>[\/et_pb_text][\/et_pb_column][\/et_pb_row][\/et_pb_section]<\/p>\n","protected":false},"excerpt":{"rendered":"<p>Handwerks- und GewerbevereinBordesholm und Umgebung e.V. 1. Vorsitzender:nicht benannt 2. Vorsitzender:Andreas KielM\u00fchlenstr. 3124582 BordesholmTelefon: 04322-7714Email: Mail an den HGV Grafik und Entwurf Bordesholmer Bummelbon:goldbutt\u00aecommunication gmbhChristiane Ladwiginfo@goldbutt.de Internetauftritt:die netzstrateginMaike Brzakalakontakt@die-netzstrategin.de Content-AktuellLibert\u00e9 B\u00fcssowliberte@ronald-buessow.de Statistik der Webseite durch Google Analytics Diese Website benutzt Google Analytics, einen Webanalysedienst der Google Inc. (\u201cGoogle\u201d). Google Analytics verwendet sog. \u201cCookies\u201d, Textdateien, die [&hellip;]<\/p>\n","protected":false},"author":1,"featured_media":0,"parent":0,"menu_order":0,"comment_status":"closed","ping_status":"closed","template":"","meta":{"_et_pb_use_builder":"on","_et_pb_old_content":"<p>Handwerks- und Gewerbeverein<br \/>Bordesholm und Umgebung e.V.<\/p><p>1. Vorsitzender:<br \/>Juergen Baasch<br \/>Ostlandstra\u00dfe 23a<br \/>24582 Bordesholm<br \/>Telefon: 04322 - 9673<br \/>Email: <a href=\"mailto:j.baasch@t-online.de\" target=\"_blank\" rel=\"noopener noreferrer\">Mail an den HGV<\/a><\/p><p><strong>Grafik und Entwurf Bordesholmer Bummelbon<\/strong>:<br \/>goldbutt\u00aecommunication gmbh<br \/>Christiane Ladwig<br \/><a href=\"mailto:info@goldbutt.de\">info@goldbutt.de<\/a><\/p><p><strong>Internetauftritt<\/strong>:<br \/>die netzstrategin<br \/>Maike Brzakala<a href=\"mailto:kontakt@die-netzstrategin.de\"><br \/>kontakt@die-netzstrategin.de<\/a><\/p><p>Content-Aktuell<br \/>Libert\u00e9 B\u00fcssow<br \/><a href=\"mailto:buessow@ronald-buessow.de\" target=\"_blank\" rel=\"noopener noreferrer\">buessow@ronald-buessow.de<\/a><\/p><p><strong>Statistik der Webseite durch Google Analytics<\/strong><\/p><p>Diese Website benutzt Google Analytics, einen Webanalysedienst der Google Inc. (\u201cGoogle\u201d). Google Analytics verwendet sog. \u201cCookies\u201d, Textdateien, die auf Ihrem Computer gespeichert werden und die eine Analyse der Benutzung der Website durch Sie erm\u00f6glichen. Die durch den Cookie erzeugten Informationen \u00fcber Ihre Benutzung dieser Website werden in der Regel an einen Server von Google in den USA \u00fcbertragen und dort gespeichert. Im Falle der Aktivierung der IP-Anonymisierung auf dieser Webseite, wird Ihre IP-Adresse von Google jedoch innerhalb von Mitgliedstaaten der Europ\u00e4ischen Union oder in anderen Vertragsstaaten des Abkommens \u00fcber den Europ\u00e4ischen Wirtschaftsraum zuvor gek\u00fcrzt. Nur in Ausnahmef\u00e4llen wird die volle IP-Adresse an einen Server von Google in den USA \u00fcbertragen und dort gek\u00fcrzt. Im Auftrag des Betreibers dieser Website wird Google diese Informationen benutzen, um Ihre Nutzung der Website auszuwerten, um Reports \u00fcber die Websiteaktivit\u00e4ten zusammenzustellen und um weitere mit der Websitenutzung und der Internetnutzung verbundene Dienstleistungen gegen\u00fcber dem Websitebetreiber zu erbringen. Die im Rahmen von Google Analytics von Ihrem Browser \u00fcbermittelte IP-Adresse wird nicht mit anderen Daten von Google zusammengef\u00fchrt. Sie k\u00f6nnen die Speicherung der Cookies durch eine entsprechende Einstellung Ihrer Browser-Software verhindern; wir weisen Sie jedoch darauf hin, dass Sie in diesem Fall gegebenenfalls nicht s\u00e4mtliche Funktionen dieser Website vollumf\u00e4nglich werden nutzen k\u00f6nnen. Sie k\u00f6nnen dar\u00fcber hinaus die Erfassung der durch das Cookie erzeugten und auf Ihre Nutzung der Website bezogenen Daten (inkl. Ihrer IP-Adresse) an Google sowie die Verarbeitung dieser Daten durch Google verhindern, indem sie das unter dem folgenden Link verf\u00fcgbare Browser-Plugin herunterladen und installieren (Link an dieser Stelle einf\u00fcgen. Der aktuelle Link ist: <a title=\"http:\/\/tools.google.com\/dlpage\/gaoptout?hl=de\" href=\"http:\/\/tools.google.com\/dlpage\/gaoptout?hl=dehttp:\/\/\" target=\"_blank\" rel=\"noopener noreferrer\">http:\/\/tools.google.com\/dlpage\/gaoptout?hl=de<\/a>).<\/p><p><strong>Angesichts der Diskussion um den Einsatz von Analysetools mit vollst\u00e4ndigen IP-Adressen m\u00f6chten wir darauf hinweisen, dass diese Website Google Analytics mit der Erweiterung \u201c_anonymizeIp()\u201d verwendet und daher IP-Adressen nur gek\u00fcrzt weiterverarbeitet werden, um eine direkte Personenbeziehbarkeit auszuschlie\u00dfen.<\/strong><\/p>","_et_gb_content_width":"","footnotes":""},"class_list":["post-8","page","type-page","status-publish","hentry"],"_links":{"self":[{"href":"https:\/\/hgv-bordesholm.de\/index.php\/wp-json\/wp\/v2\/pages\/8","targetHints":{"allow":["GET"]}}],"collection":[{"href":"https:\/\/hgv-bordesholm.de\/index.php\/wp-json\/wp\/v2\/pages"}],"about":[{"href":"https:\/\/hgv-bordesholm.de\/index.php\/wp-json\/wp\/v2\/types\/page"}],"author":[{"embeddable":true,"href":"https:\/\/hgv-bordesholm.de\/index.php\/wp-json\/wp\/v2\/users\/1"}],"replies":[{"embeddable":true,"href":"https:\/\/hgv-bordesholm.de\/index.php\/wp-json\/wp\/v2\/comments?post=8"}],"version-history":[{"count":4,"href":"https:\/\/hgv-bordesholm.de\/index.php\/wp-json\/wp\/v2\/pages\/8\/revisions"}],"predecessor-version":[{"id":2688,"href":"https:\/\/hgv-bordesholm.de\/index.php\/wp-json\/wp\/v2\/pages\/8\/revisions\/2688"}],"wp:attachment":[{"href":"https:\/\/hgv-bordesholm.de\/index.php\/wp-json\/wp\/v2\/media?parent=8"}],"curies":[{"name":"wp","href":"https:\/\/api.w.org\/{rel}","templated":true}]}}